{"id":2,"date":"2016-05-10T03:48:21","date_gmt":"2016-05-10T03:48:21","guid":{"rendered":"https:\/\/maikath.de\/?page_id=2"},"modified":"2025-06-15T19:56:13","modified_gmt":"2025-06-15T19:56:13","slug":"startseite","status":"publish","type":"page","link":"https:\/\/maikath.de\/","title":{"rendered":"Startseite"},"content":{"rendered":"<pre id=\"tw-target-text\" class=\"tw-data-text tw-text-large tw-ta\" dir=\"ltr\" data-placeholder=\"\u00dcbersetzung\" data-ved=\"2ahUKEwjYz76OkueNAxWQ7rsIHZepKYAQ3ewLegQICRAU\" aria-label=\"\u00dcbersetzter Text: Dies ist eine Beispielseite. Sie unterscheidet sich von einem Blogbeitrag, da sie an derselben Stelle verbleibt und (in den meisten Themes) in der Navigation Ihrer Website angezeigt wird. Die meisten Nutzer beginnen mit einer \u201e\u00dcber uns\u201c-Seite, die sie potenziellen Besuchern vorstellt. Diese k\u00f6nnte etwa so lauten:\n\nHallo zusammen! Tags\u00fcber bin ich Fahrradkurier, nachts bin ich aufstrebender Schauspieler, und dies ist meine Website. Ich lebe in Los Angeles, habe einen tollen Hund namens Jack und mag Pi\u00f1a Coladas. (Und ich stehe gerne im Regen.)\n\n... oder so \u00e4hnlich:\n\nDie XYZ Doohickey Company wurde 1971 gegr\u00fcndet und bietet seitdem hochwertige Produkte an. XYZ hat seinen Sitz in Gotham City, besch\u00e4ftigt \u00fcber 2.000 Mitarbeiter und leistet gro\u00dfartige Arbeit f\u00fcr die Gotham-Community.\n\nAls neuer WordPress-Nutzer sollten Sie diese Seite in Ihrem Dashboard l\u00f6schen und neue Seiten f\u00fcr Ihre Inhalte erstellen. Viel Spa\u00df!\"><span class=\"Y2IQFc\" lang=\"de\">Hallo zusammen!\nIch bin J\u00fcrgen, noch arbeite ich in der Schweiz, <br \/>ab n\u00e4chstes Jahr gehe ich in Rente, <br \/>und dies ist meine Website. \nIch lebe in Champfer, <br \/>meine Hobbys sind Motorrad fahren, <br \/>Kakteen z\u00fcchten und sch\u00f6ne Urlaube, <br \/>und ich mag Bier und <em class=\"TNT2l AStapd\">Mojito<\/em>. <\/span><\/pre>\n\n\n<figure class=\"wp-block-gallery has-nested-images columns-default is-cropped wp-block-gallery-1 is-layout-flex wp-block-gallery-is-layout-flex\">\n<figure class=\"wp-block-image size-large\"><img loading=\"lazy\" decoding=\"async\" width=\"558\" height=\"240\" data-id=\"1544\" src=\"https:\/\/maikath.de\/wp-content\/uploads\/2025\/06\/240_F_287331667_ACUnYJb0lVhiBVtNdexRBlpdhA7lT5BU.jpg\" alt=\"\" class=\"wp-image-1544\" srcset=\"https:\/\/maikath.de\/wp-content\/uploads\/2025\/06\/240_F_287331667_ACUnYJb0lVhiBVtNdexRBlpdhA7lT5BU.jpg 558w, https:\/\/maikath.de\/wp-content\/uploads\/2025\/06\/240_F_287331667_ACUnYJb0lVhiBVtNdexRBlpdhA7lT5BU-300x129.jpg 300w\" sizes=\"auto, (max-width: 558px) 100vw, 558px\" \/><\/figure>\n<\/figure>\n","protected":false},"excerpt":{"rendered":"<p>Hallo zusammen! Ich bin J\u00fcrgen, noch arbeite ich in der Schweiz, ab n\u00e4chstes Jahr gehe ich in Rente, und dies ist meine Website. Ich lebe in Champfer, meine Hobbys sind Motorrad fahren, Kakteen z\u00fcchten und sch\u00f6ne Urlaube, und ich mag Bier und Mojito.<\/p>\n","protected":false},"author":1,"featured_media":0,"parent":0,"menu_order":1,"comment_status":"open","ping_status":"closed","template":"","meta":{"footnotes":""},"class_list":["post-2","page","type-page","status-publish","hentry"],"yoast_head":"<!-- This site is optimized with the Yoast SEO plugin v27.4 - https:\/\/yoast.com\/product\/yoast-seo-wordpress\/ -->\n<title>Startseite - Maikath<\/title>\n<meta name=\"robots\" content=\"index, follow, max-snippet:-1, max-image-preview:large, max-video-preview:-1\" \/>\n<link rel=\"canonical\" href=\"https:\/\/maikath.de\/\" \/>\n<meta property=\"og:locale\" content=\"de_DE\" \/>\n<meta property=\"og:type\" content=\"article\" \/>\n<meta property=\"og:title\" content=\"Startseite - Maikath\" \/>\n<meta property=\"og:description\" content=\"Hallo zusammen! Ich bin J\u00fcrgen, noch arbeite ich in der Schweiz, ab n\u00e4chstes Jahr gehe ich in Rente, und dies ist meine Website. Ich lebe in Champfer, meine Hobbys sind Motorrad fahren, Kakteen z\u00fcchten und sch\u00f6ne Urlaube, und ich mag Bier und Mojito.\" \/>\n<meta property=\"og:url\" content=\"https:\/\/maikath.de\/\" \/>\n<meta property=\"og:site_name\" content=\"Maikath\" \/>\n<meta property=\"article:modified_time\" content=\"2025-06-15T19:56:13+00:00\" \/>\n<meta property=\"og:image\" content=\"https:\/\/maikath.de\/wp-content\/uploads\/2025\/06\/240_F_287331667_ACUnYJb0lVhiBVtNdexRBlpdhA7lT5BU.jpg\" \/>\n\t<meta property=\"og:image:width\" content=\"558\" \/>\n\t<meta property=\"og:image:height\" content=\"240\" \/>\n\t<meta property=\"og:image:type\" content=\"image\/jpeg\" \/>\n<meta name=\"twitter:card\" content=\"summary_large_image\" \/>\n<meta name=\"twitter:label1\" content=\"Gesch\u00e4tzte Lesezeit\" \/>\n\t<meta name=\"twitter:data1\" content=\"1\u00a0Minute\" \/>\n<script type=\"application\/ld+json\" class=\"yoast-schema-graph\">{\"@context\":\"https:\\\/\\\/schema.org\",\"@graph\":[{\"@type\":\"WebPage\",\"@id\":\"https:\\\/\\\/maikath.de\\\/\",\"url\":\"https:\\\/\\\/maikath.de\\\/\",\"name\":\"Startseite - Maikath\",\"isPartOf\":{\"@id\":\"https:\\\/\\\/maikath.de\\\/#website\"},\"primaryImageOfPage\":{\"@id\":\"https:\\\/\\\/maikath.de\\\/#primaryimage\"},\"image\":{\"@id\":\"https:\\\/\\\/maikath.de\\\/#primaryimage\"},\"thumbnailUrl\":\"https:\\\/\\\/maikath.de\\\/wp-content\\\/uploads\\\/2025\\\/06\\\/240_F_287331667_ACUnYJb0lVhiBVtNdexRBlpdhA7lT5BU.jpg\",\"datePublished\":\"2016-05-10T03:48:21+00:00\",\"dateModified\":\"2025-06-15T19:56:13+00:00\",\"breadcrumb\":{\"@id\":\"https:\\\/\\\/maikath.de\\\/#breadcrumb\"},\"inLanguage\":\"de\",\"potentialAction\":[{\"@type\":\"ReadAction\",\"target\":[\"https:\\\/\\\/maikath.de\\\/\"]}]},{\"@type\":\"ImageObject\",\"inLanguage\":\"de\",\"@id\":\"https:\\\/\\\/maikath.de\\\/#primaryimage\",\"url\":\"https:\\\/\\\/maikath.de\\\/wp-content\\\/uploads\\\/2025\\\/06\\\/240_F_287331667_ACUnYJb0lVhiBVtNdexRBlpdhA7lT5BU.jpg\",\"contentUrl\":\"https:\\\/\\\/maikath.de\\\/wp-content\\\/uploads\\\/2025\\\/06\\\/240_F_287331667_ACUnYJb0lVhiBVtNdexRBlpdhA7lT5BU.jpg\",\"width\":558,\"height\":240},{\"@type\":\"BreadcrumbList\",\"@id\":\"https:\\\/\\\/maikath.de\\\/#breadcrumb\",\"itemListElement\":[{\"@type\":\"ListItem\",\"position\":1,\"name\":\"Startseite\",\"item\":\"https:\\\/\\\/maikath.de\\\/\"},{\"@type\":\"ListItem\",\"position\":2,\"name\":\"Startseite\"}]},{\"@type\":\"WebSite\",\"@id\":\"https:\\\/\\\/maikath.de\\\/#website\",\"url\":\"https:\\\/\\\/maikath.de\\\/\",\"name\":\"Maikath\",\"description\":\"Familie und Hobby\",\"publisher\":{\"@id\":\"https:\\\/\\\/maikath.de\\\/#\\\/schema\\\/person\\\/cca96a7aec517a8f4549ba4e82166363\"},\"potentialAction\":[{\"@type\":\"SearchAction\",\"target\":{\"@type\":\"EntryPoint\",\"urlTemplate\":\"https:\\\/\\\/maikath.de\\\/?s={search_term_string}\"},\"query-input\":{\"@type\":\"PropertyValueSpecification\",\"valueRequired\":true,\"valueName\":\"search_term_string\"}}],\"inLanguage\":\"de\"},{\"@type\":[\"Person\",\"Organization\"],\"@id\":\"https:\\\/\\\/maikath.de\\\/#\\\/schema\\\/person\\\/cca96a7aec517a8f4549ba4e82166363\",\"name\":\"JoJo\",\"image\":{\"@type\":\"ImageObject\",\"inLanguage\":\"de\",\"@id\":\"https:\\\/\\\/maikath.de\\\/wp-content\\\/uploads\\\/2025\\\/06\\\/image-1.jpg\",\"url\":\"https:\\\/\\\/maikath.de\\\/wp-content\\\/uploads\\\/2025\\\/06\\\/image-1.jpg\",\"contentUrl\":\"https:\\\/\\\/maikath.de\\\/wp-content\\\/uploads\\\/2025\\\/06\\\/image-1.jpg\",\"width\":1920,\"height\":1280,\"caption\":\"JoJo\"},\"logo\":{\"@id\":\"https:\\\/\\\/maikath.de\\\/wp-content\\\/uploads\\\/2025\\\/06\\\/image-1.jpg\"}}]}<\/script>\n<!-- \/ Yoast SEO plugin. -->","yoast_head_json":{"title":"Startseite - Maikath","robots":{"index":"index","follow":"follow","max-snippet":"max-snippet:-1","max-image-preview":"max-image-preview:large","max-video-preview":"max-video-preview:-1"},"canonical":"https:\/\/maikath.de\/","og_locale":"de_DE","og_type":"article","og_title":"Startseite - Maikath","og_description":"Hallo zusammen! Ich bin J\u00fcrgen, noch arbeite ich in der Schweiz, ab n\u00e4chstes Jahr gehe ich in Rente, und dies ist meine Website. Ich lebe in Champfer, meine Hobbys sind Motorrad fahren, Kakteen z\u00fcchten und sch\u00f6ne Urlaube, und ich mag Bier und Mojito.","og_url":"https:\/\/maikath.de\/","og_site_name":"Maikath","article_modified_time":"2025-06-15T19:56:13+00:00","og_image":[{"width":558,"height":240,"url":"https:\/\/maikath.de\/wp-content\/uploads\/2025\/06\/240_F_287331667_ACUnYJb0lVhiBVtNdexRBlpdhA7lT5BU.jpg","type":"image\/jpeg"}],"twitter_card":"summary_large_image","twitter_misc":{"Gesch\u00e4tzte Lesezeit":"1\u00a0Minute"},"schema":{"@context":"https:\/\/schema.org","@graph":[{"@type":"WebPage","@id":"https:\/\/maikath.de\/","url":"https:\/\/maikath.de\/","name":"Startseite - Maikath","isPartOf":{"@id":"https:\/\/maikath.de\/#website"},"primaryImageOfPage":{"@id":"https:\/\/maikath.de\/#primaryimage"},"image":{"@id":"https:\/\/maikath.de\/#primaryimage"},"thumbnailUrl":"https:\/\/maikath.de\/wp-content\/uploads\/2025\/06\/240_F_287331667_ACUnYJb0lVhiBVtNdexRBlpdhA7lT5BU.jpg","datePublished":"2016-05-10T03:48:21+00:00","dateModified":"2025-06-15T19:56:13+00:00","breadcrumb":{"@id":"https:\/\/maikath.de\/#breadcrumb"},"inLanguage":"de","potentialAction":[{"@type":"ReadAction","target":["https:\/\/maikath.de\/"]}]},{"@type":"ImageObject","inLanguage":"de","@id":"https:\/\/maikath.de\/#primaryimage","url":"https:\/\/maikath.de\/wp-content\/uploads\/2025\/06\/240_F_287331667_ACUnYJb0lVhiBVtNdexRBlpdhA7lT5BU.jpg","contentUrl":"https:\/\/maikath.de\/wp-content\/uploads\/2025\/06\/240_F_287331667_ACUnYJb0lVhiBVtNdexRBlpdhA7lT5BU.jpg","width":558,"height":240},{"@type":"BreadcrumbList","@id":"https:\/\/maikath.de\/#breadcrumb","itemListElement":[{"@type":"ListItem","position":1,"name":"Startseite","item":"https:\/\/maikath.de\/"},{"@type":"ListItem","position":2,"name":"Startseite"}]},{"@type":"WebSite","@id":"https:\/\/maikath.de\/#website","url":"https:\/\/maikath.de\/","name":"Maikath","description":"Familie und Hobby","publisher":{"@id":"https:\/\/maikath.de\/#\/schema\/person\/cca96a7aec517a8f4549ba4e82166363"},"potentialAction":[{"@type":"SearchAction","target":{"@type":"EntryPoint","urlTemplate":"https:\/\/maikath.de\/?s={search_term_string}"},"query-input":{"@type":"PropertyValueSpecification","valueRequired":true,"valueName":"search_term_string"}}],"inLanguage":"de"},{"@type":["Person","Organization"],"@id":"https:\/\/maikath.de\/#\/schema\/person\/cca96a7aec517a8f4549ba4e82166363","name":"JoJo","image":{"@type":"ImageObject","inLanguage":"de","@id":"https:\/\/maikath.de\/wp-content\/uploads\/2025\/06\/image-1.jpg","url":"https:\/\/maikath.de\/wp-content\/uploads\/2025\/06\/image-1.jpg","contentUrl":"https:\/\/maikath.de\/wp-content\/uploads\/2025\/06\/image-1.jpg","width":1920,"height":1280,"caption":"JoJo"},"logo":{"@id":"https:\/\/maikath.de\/wp-content\/uploads\/2025\/06\/image-1.jpg"}}]}},"_links":{"self":[{"href":"https:\/\/maikath.de\/index.php?rest_route=\/wp\/v2\/pages\/2","targetHints":{"allow":["GET"]}}],"collection":[{"href":"https:\/\/maikath.de\/index.php?rest_route=\/wp\/v2\/pages"}],"about":[{"href":"https:\/\/maikath.de\/index.php?rest_route=\/wp\/v2\/types\/page"}],"author":[{"embeddable":true,"href":"https:\/\/maikath.de\/index.php?rest_route=\/wp\/v2\/users\/1"}],"replies":[{"embeddable":true,"href":"https:\/\/maikath.de\/index.php?rest_route=%2Fwp%2Fv2%2Fcomments&post=2"}],"version-history":[{"count":12,"href":"https:\/\/maikath.de\/index.php?rest_route=\/wp\/v2\/pages\/2\/revisions"}],"predecessor-version":[{"id":1597,"href":"https:\/\/maikath.de\/index.php?rest_route=\/wp\/v2\/pages\/2\/revisions\/1597"}],"wp:attachment":[{"href":"https:\/\/maikath.de\/index.php?rest_route=%2Fwp%2Fv2%2Fmedia&parent=2"}],"curies":[{"name":"wp","href":"https:\/\/api.w.org\/{rel}","templated":true}]}}